{"id":496,"date":"2014-09-05T04:41:07","date_gmt":"2014-09-05T04:41:07","guid":{"rendered":"http:\/\/localhost\/wordpress-4.0\/wordpress\/?page_id=2"},"modified":"2026-02-02T09:57:09","modified_gmt":"2026-02-02T09:57:09","slug":"sample-page-2","status":"publish","type":"page","link":"https:\/\/urlaub-am-inselsberg.de\/hubertus\/","title":{"rendered":"Ferienhaus Hubertus"},"content":{"rendered":"<p>[et_pb_section fb_built=&#8220;1&#8243; _builder_version=&#8220;4.4.2&#8243; background_color=&#8220;rgba(255,255,255,0)&#8220; background_enable_image=&#8220;off&#8220; parallax=&#8220;on&#8220; parallax_method=&#8220;off&#8220; transparent_background=&#8220;on&#8220;][et_pb_row column_structure=&#8220;1_2,1_2&#8243; _builder_version=&#8220;3.25&#8243; background_size=&#8220;initial&#8220; background_position=&#8220;top_left&#8220; background_repeat=&#8220;repeat&#8220;][et_pb_column type=&#8220;1_2&#8243; _builder_version=&#8220;3.25&#8243; custom_padding=&#8220;|||&#8220; custom_padding__hover=&#8220;|||&#8220;][et_pb_text admin_label=&#8220;\u00dcberschrift Herzlich willkommen&#8220; _builder_version=&#8220;4.4.2&#8243; background_size=&#8220;initial&#8220; background_position=&#8220;top_left&#8220; background_repeat=&#8220;repeat&#8220;]<\/p>\n<h1>Herzlich Willkommen in unserem Ferienhaus Hubertus in Friedrichroda, dem heilklimatischen Kurort am Rennsteig<\/h1>\n<p>[\/et_pb_text][et_pb_text admin_label=&#8220;Text willkommen&#8220; _builder_version=&#8220;4.4.2&#8243; background_size=&#8220;initial&#8220; background_position=&#8220;top_left&#8220; background_repeat=&#8220;repeat&#8220;]<\/p>\n<p>In einer ruhigen, gr\u00fcnen Oase nahe der Fu\u00dfg\u00e4ngerzone (3min.) gelegen, sind es nur f\u00fcnf Minuten bis zum Wald und zum Bergtheater.&nbsp;Hauseigene <strong>Parkpl\u00e4tze<\/strong> und ein abschlie\u00dfbarer<strong> Raum f\u00fcr Fahrr\u00e4der&nbsp;und Ski<\/strong> sind vorhanden. Fr\u00fchst\u00fcck ist im nahegelegenen Bistro ab 7.30 Uhr m\u00f6glich (3 Minuten). Ihre <strong>Kinder<\/strong> sind bei uns gern gesehene G\u00e4ste.<br \/>Kinderbett und Hochstuhl sind vorhanden.&nbsp;<strong>WLAN<\/strong>, <strong>Telefonservice<\/strong> und&nbsp;<strong>Transit<\/strong> von und zur Bahn sind bei uns inklusive.<br \/>Auch gef\u00fchrte&nbsp;Wanderungen sind m\u00f6glich.<\/p>\n<div class=\"et-pb-modal-bottom-container\">&nbsp;<\/div>\n<p>[\/et_pb_text][et_pb_text admin_label=&#8220;Text Familie&#8220; _builder_version=&#8220;4.4.2&#8243; background_size=&#8220;initial&#8220; background_position=&#8220;top_left&#8220; background_repeat=&#8220;repeat&#8220;]<\/p>\n<p>Auf Ihren Besuch freut sich<br \/>Familie Sch\u00fctz<\/p>\n<p>[\/et_pb_text][\/et_pb_column][et_pb_column type=&#8220;1_2&#8243; _builder_version=&#8220;3.25&#8243; custom_padding=&#8220;|||&#8220; custom_padding__hover=&#8220;|||&#8220;][et_pb_image src=&#8220;http:\/\/urlaubaminselsberg.km34701.keymachine.de\/hubertus\/wp-content\/uploads\/2014\/10\/Logo_Hubertus.png&#8220; align=&#8220;center&#8220; align_tablet=&#8220;center&#8220; align_phone=&#8220;&#8220; align_last_edited=&#8220;on|desktop&#8220; _builder_version=&#8220;4.4.2&#8243; always_center_on_mobile=&#8220;on&#8220;][\/et_pb_image][et_pb_gallery gallery_ids=&#8220;715,295,450&#8243; fullwidth=&#8220;on&#8220; _builder_version=&#8220;4.4.2&#8243; auto=&#8220;on&#8220; auto_speed=&#8220;5000&#8243; pagination_font_size_tablet=&#8220;51&#8243; pagination_line_height_tablet=&#8220;2&#8243;][\/et_pb_gallery][\/et_pb_column][\/et_pb_row][et_pb_row column_structure=&#8220;1_4,1_4,1_4,1_4&#8243; module_id=&#8220;anreise&#8220; _builder_version=&#8220;4.4.2&#8243; background_size=&#8220;initial&#8220; background_position=&#8220;top_left&#8220; background_repeat=&#8220;repeat&#8220;][et_pb_column type=&#8220;1_4&#8243; _builder_version=&#8220;3.25&#8243; custom_padding=&#8220;|||&#8220; custom_padding__hover=&#8220;|||&#8220;][et_pb_blurb title=&#8220;An- und Abreise&#8220; use_icon=&#8220;on&#8220; font_icon=&#8220;\ue06e&#8220; admin_label=&#8220;Sprechblase An- und Abreise&#8220; _builder_version=&#8220;4.4.2&#8243; background_size=&#8220;initial&#8220; background_position=&#8220;top_left&#8220; background_repeat=&#8220;repeat&#8220; max_width_tablet=&#8220;50px&#8220; animation=&#8220;off&#8220;]<\/p>\n<div class=\"et_pb_toggle_content clearfix\" style=\"text-align: left;\">Wir erwarten Sie am <strong>Anreisetag ab 14 Uhr.<\/strong><\/div>\n<div class=\"et_pb_toggle_content clearfix\" style=\"text-align: left;\"><strong>Abreise <\/strong>ist<strong> bis 10 Uhr<\/strong> oder nach Absprache.<\/div>\n<p>[\/et_pb_blurb][\/et_pb_column][et_pb_column type=&#8220;1_4&#8243; _builder_version=&#8220;3.25&#8243; custom_padding=&#8220;|||&#8220; custom_padding__hover=&#8220;|||&#8220;][et_pb_blurb title=&#8220;Zus\u00e4tzliche Angebote zur Buchung&#8220; use_icon=&#8220;on&#8220; font_icon=&#8220;\ue100&#8220; admin_label=&#8220;Sprechblase Zus\u00e4tzliche Angebote&#8220; _builder_version=&#8220;4.4.2&#8243; background_size=&#8220;initial&#8220; background_position=&#8220;top_left&#8220; background_repeat=&#8220;repeat&#8220; max_width_tablet=&#8220;50px&#8220; animation=&#8220;off&#8220;]<\/p>\n<p style=\"text-align: left;\"><strong>jede weitere Person: <\/strong>5,- \u20ac<\/p>\n<p style=\"text-align: left;\"><strong>Transfer zum Rennsteig: <\/strong>1,- \u20ac pro Person<\/p>\n<p style=\"text-align: left;\"><strong>kleine Hunde<\/strong><strong>: <\/strong>2,50 \u20ac<br \/>(nur nach R\u00fccksprache)<\/p>\n<p style=\"text-align: left;\"><strong>Fahrradverleih: <\/strong>4,- \u20ac<\/p>\n<p>[\/et_pb_blurb][\/et_pb_column][et_pb_column type=&#8220;1_4&#8243; _builder_version=&#8220;3.25&#8243; custom_padding=&#8220;|||&#8220; custom_padding__hover=&#8220;|||&#8220;][et_pb_blurb title=&#8220;Saisonpreise&#8220; use_icon=&#8220;on&#8220; font_icon=&#8220;\ue031&#8220; admin_label=&#8220;Sprechblase Saisonpreise&#8220; _builder_version=&#8220;4.4.2&#8243; background_size=&#8220;initial&#8220; background_position=&#8220;top_left&#8220; background_repeat=&#8220;repeat&#8220; animation=&#8220;off&#8220;]&nbsp;<\/p>\n<p>Beachten Sie bitte w\u00e4hrend der Weihnachtszeit und zum Jahreswechsel unsere ge\u00e4nderten Preise.<br \/>\n[\/et_pb_blurb][\/et_pb_column][et_pb_column type=&#8220;1_4&#8243; _builder_version=&#8220;3.25&#8243; custom_padding=&#8220;|||&#8220; custom_padding__hover=&#8220;|||&#8220;][et_pb_blurb title=&#8220;Der Kurort Friedrichroda&#8220; use_icon=&#8220;on&#8220; font_icon=&#8220;\ue00f&#8220; admin_label=&#8220;Sprechblase Kurtaxe&#8220; _builder_version=&#8220;4.9.3&#8243; background_size=&#8220;initial&#8220; background_position=&#8220;top_left&#8220; background_repeat=&#8220;repeat&#8220; animation=&#8220;off&#8220; hover_enabled=&#8220;0&#8243; sticky_enabled=&#8220;0&#8243;]<\/p>\n<p>erhebt Kurtaxe:<\/p>\n<ul>\n<li><strong>3,50 \u20ac<\/strong> f\u00fcr Erwachsene<\/li>\n<li><strong>2,20 \u20ac<\/strong> f\u00fcr Kinder (von 6-16 Jahren)<\/li>\n<\/ul>\n<p>Mit der Kurtaxe k\u00f6nnen Sie Busse, Bahnen und Stra\u00dfenbahnen rund um den Kurort frei nutzen.<\/p>\n<p>[\/et_pb_blurb][\/et_pb_column][\/et_pb_row][\/et_pb_section]<\/p>\n","protected":false},"excerpt":{"rendered":"<p>[et_pb_section fb_built=&#8220;1&#8243; _builder_version=&#8220;4.4.2&#8243; background_color=&#8220;rgba(255,255,255,0)&#8220; background_enable_image=&#8220;off&#8220; parallax=&#8220;on&#8220; parallax_method=&#8220;off&#8220; transparent_background=&#8220;on&#8220;][et_pb_row column_structure=&#8220;1_2,1_2&#8243; _builder_version=&#8220;3.25&#8243; background_size=&#8220;initial&#8220; background_position=&#8220;top_left&#8220; background_repeat=&#8220;repeat&#8220;][et_pb_column type=&#8220;1_2&#8243; _builder_version=&#8220;3.25&#8243; custom_padding=&#8220;|||&#8220; custom_padding__hover=&#8220;|||&#8220;][et_pb_text admin_label=&#8220;\u00dcberschrift Herzlich willkommen&#8220; _builder_version=&#8220;4.4.2&#8243; background_size=&#8220;initial&#8220; background_position=&#8220;top_left&#8220; background_repeat=&#8220;repeat&#8220;] Herzlich Willkommen in unserem Ferienhaus Hubertus in Friedrichroda, dem heilklimatischen Kurort am Rennsteig [\/et_pb_text][et_pb_text admin_label=&#8220;Text willkommen&#8220; _builder_version=&#8220;4.4.2&#8243; background_size=&#8220;initial&#8220; background_position=&#8220;top_left&#8220; background_repeat=&#8220;repeat&#8220;] In einer ruhigen, gr\u00fcnen Oase nahe der Fu\u00dfg\u00e4ngerzone (3min.) gelegen, sind [&hellip;]<\/p>\n","protected":false},"author":1,"featured_media":0,"parent":0,"menu_order":0,"comment_status":"open","ping_status":"open","template":"","meta":{"_et_pb_use_builder":"on","_et_pb_old_content":"<p>This is an example page. It's different from a blog post because it will stay in one place and will show up in your site navigation (in most themes). Most people start with an About page that introduces them to potential site visitors. It might say something like this:<\/p><blockquote><p>Hi there! I'm a bike messenger by day, aspiring actor by night, and this is my blog. I live in Los Angeles, have a great dog named Jack, and I like pi\u00f1a coladas. (And gettin' caught in the rain.)<\/p><\/blockquote><p>...or something like this:<\/p><blockquote><p>The XYZ Doohickey Company was founded in 1971, and has been providing quality doohickeys to the public ever since. Located in Gotham City, XYZ employs over 2,000 people and does all kinds of awesome things for the Gotham community.<\/p><\/blockquote><p>As a new WordPress user, you should go to <a href=\"http:\/\/localhost\/wordpress-4.0\/wordpress\/wp-admin\/\">your dashboard<\/a> to delete this page and create new pages for your content. Have fun!<\/p>","_et_gb_content_width":"","ngg_post_thumbnail":0},"yoast_head":"<!-- This site is optimized with the Yoast SEO plugin v17.8 - https:\/\/yoast.com\/wordpress\/plugins\/seo\/ -->\n<title>Urlaub im Ferienhaus Hubertus am Rennsteig<\/title>\n<meta name=\"description\" content=\"Ferienhaus Hubertus in Friedrichroda. Genie\u00dfen Sie Ihren Urlaub in einer ruhigen, gr\u00fcnen Oase nur 3,5 km vom Rennsteig entfernt. Buchung: \u2706 (03623) 30 44 72\" \/>\n<meta name=\"robots\" content=\"index, follow, max-snippet:-1, max-image-preview:large, max-video-preview:-1\" \/>\n<link rel=\"canonical\" href=\"https:\/\/urlaub-am-inselsberg.de\/hubertus\/\" \/>\n<meta property=\"og:locale\" content=\"de_DE\" \/>\n<meta property=\"og:type\" content=\"article\" \/>\n<meta property=\"og:title\" content=\"Urlaub im Ferienhaus Hubertus am Rennsteig\" \/>\n<meta property=\"og:description\" content=\"Ferienhaus Hubertus in Friedrichroda. Genie\u00dfen Sie Ihren Urlaub in einer ruhigen, gr\u00fcnen Oase nur 3,5 km vom Rennsteig entfernt. Buchung: \u2706 (03623) 30 44 72\" \/>\n<meta property=\"og:url\" content=\"https:\/\/urlaub-am-inselsberg.de\/hubertus\/\" \/>\n<meta property=\"og:site_name\" content=\"Ferienhaus Hubertus\" \/>\n<meta property=\"article:modified_time\" content=\"2026-02-02T09:57:09+00:00\" \/>\n<meta name=\"twitter:label1\" content=\"Gesch\u00e4tzte Lesezeit\" \/>\n\t<meta name=\"twitter:data1\" content=\"3\u00a0Minuten\" \/>\n<script type=\"application\/ld+json\" class=\"yoast-schema-graph\">{\"@context\":\"https:\/\/schema.org\",\"@graph\":[{\"@type\":\"WebSite\",\"@id\":\"https:\/\/urlaub-am-inselsberg.de\/hubertus\/#website\",\"url\":\"https:\/\/urlaub-am-inselsberg.de\/hubertus\/\",\"name\":\"Ferienhaus Hubertus\",\"description\":\"Urlaub am Inselsberg\",\"potentialAction\":[{\"@type\":\"SearchAction\",\"target\":{\"@type\":\"EntryPoint\",\"urlTemplate\":\"https:\/\/urlaub-am-inselsberg.de\/hubertus\/?s={search_term_string}\"},\"query-input\":\"required name=search_term_string\"}],\"inLanguage\":\"de\"},{\"@type\":\"WebPage\",\"@id\":\"https:\/\/urlaub-am-inselsberg.de\/hubertus\/#webpage\",\"url\":\"https:\/\/urlaub-am-inselsberg.de\/hubertus\/\",\"name\":\"Urlaub im Ferienhaus Hubertus am Rennsteig\",\"isPartOf\":{\"@id\":\"https:\/\/urlaub-am-inselsberg.de\/hubertus\/#website\"},\"datePublished\":\"2014-09-05T04:41:07+00:00\",\"dateModified\":\"2026-02-02T09:57:09+00:00\",\"description\":\"Ferienhaus Hubertus in Friedrichroda. Genie\\u00dfen Sie Ihren Urlaub in einer ruhigen, gr\\u00fcnen Oase nur 3,5 km vom Rennsteig entfernt. Buchung: \\u2706 (03623) 30 44 72\",\"breadcrumb\":{\"@id\":\"https:\/\/urlaub-am-inselsberg.de\/hubertus\/#breadcrumb\"},\"inLanguage\":\"de\",\"potentialAction\":[{\"@type\":\"ReadAction\",\"target\":[\"https:\/\/urlaub-am-inselsberg.de\/hubertus\/\"]}]},{\"@type\":\"BreadcrumbList\",\"@id\":\"https:\/\/urlaub-am-inselsberg.de\/hubertus\/#breadcrumb\",\"itemListElement\":[{\"@type\":\"ListItem\",\"position\":1,\"name\":\"Home\",\"item\":\"https:\/\/urlaub-am-inselsberg.de\/hubertus\/\"},{\"@type\":\"ListItem\",\"position\":2,\"name\":\"Ferienhaus Hubertus\"}]}]}<\/script>\n<!-- \/ Yoast SEO plugin. -->","yoast_head_json":{"title":"Urlaub im Ferienhaus Hubertus am Rennsteig","description":"Ferienhaus Hubertus in Friedrichroda. Genie\u00dfen Sie Ihren Urlaub in einer ruhigen, gr\u00fcnen Oase nur 3,5 km vom Rennsteig entfernt. Buchung: \u2706 (03623) 30 44 72","robots":{"index":"index","follow":"follow","max-snippet":"max-snippet:-1","max-image-preview":"max-image-preview:large","max-video-preview":"max-video-preview:-1"},"canonical":"https:\/\/urlaub-am-inselsberg.de\/hubertus\/","og_locale":"de_DE","og_type":"article","og_title":"Urlaub im Ferienhaus Hubertus am Rennsteig","og_description":"Ferienhaus Hubertus in Friedrichroda. Genie\u00dfen Sie Ihren Urlaub in einer ruhigen, gr\u00fcnen Oase nur 3,5 km vom Rennsteig entfernt. Buchung: \u2706 (03623) 30 44 72","og_url":"https:\/\/urlaub-am-inselsberg.de\/hubertus\/","og_site_name":"Ferienhaus Hubertus","article_modified_time":"2026-02-02T09:57:09+00:00","twitter_misc":{"Gesch\u00e4tzte Lesezeit":"3\u00a0Minuten"},"schema":{"@context":"https:\/\/schema.org","@graph":[{"@type":"WebSite","@id":"https:\/\/urlaub-am-inselsberg.de\/hubertus\/#website","url":"https:\/\/urlaub-am-inselsberg.de\/hubertus\/","name":"Ferienhaus Hubertus","description":"Urlaub am Inselsberg","potentialAction":[{"@type":"SearchAction","target":{"@type":"EntryPoint","urlTemplate":"https:\/\/urlaub-am-inselsberg.de\/hubertus\/?s={search_term_string}"},"query-input":"required name=search_term_string"}],"inLanguage":"de"},{"@type":"WebPage","@id":"https:\/\/urlaub-am-inselsberg.de\/hubertus\/#webpage","url":"https:\/\/urlaub-am-inselsberg.de\/hubertus\/","name":"Urlaub im Ferienhaus Hubertus am Rennsteig","isPartOf":{"@id":"https:\/\/urlaub-am-inselsberg.de\/hubertus\/#website"},"datePublished":"2014-09-05T04:41:07+00:00","dateModified":"2026-02-02T09:57:09+00:00","description":"Ferienhaus Hubertus in Friedrichroda. Genie\u00dfen Sie Ihren Urlaub in einer ruhigen, gr\u00fcnen Oase nur 3,5 km vom Rennsteig entfernt. Buchung: \u2706 (03623) 30 44 72","breadcrumb":{"@id":"https:\/\/urlaub-am-inselsberg.de\/hubertus\/#breadcrumb"},"inLanguage":"de","potentialAction":[{"@type":"ReadAction","target":["https:\/\/urlaub-am-inselsberg.de\/hubertus\/"]}]},{"@type":"BreadcrumbList","@id":"https:\/\/urlaub-am-inselsberg.de\/hubertus\/#breadcrumb","itemListElement":[{"@type":"ListItem","position":1,"name":"Home","item":"https:\/\/urlaub-am-inselsberg.de\/hubertus\/"},{"@type":"ListItem","position":2,"name":"Ferienhaus Hubertus"}]}]}},"_links":{"self":[{"href":"https:\/\/urlaub-am-inselsberg.de\/hubertus\/wp-json\/wp\/v2\/pages\/496"}],"collection":[{"href":"https:\/\/urlaub-am-inselsberg.de\/hubertus\/wp-json\/wp\/v2\/pages"}],"about":[{"href":"https:\/\/urlaub-am-inselsberg.de\/hubertus\/wp-json\/wp\/v2\/types\/page"}],"author":[{"embeddable":true,"href":"https:\/\/urlaub-am-inselsberg.de\/hubertus\/wp-json\/wp\/v2\/users\/1"}],"replies":[{"embeddable":true,"href":"https:\/\/urlaub-am-inselsberg.de\/hubertus\/wp-json\/wp\/v2\/comments?post=496"}],"version-history":[{"count":30,"href":"https:\/\/urlaub-am-inselsberg.de\/hubertus\/wp-json\/wp\/v2\/pages\/496\/revisions"}],"predecessor-version":[{"id":760,"href":"https:\/\/urlaub-am-inselsberg.de\/hubertus\/wp-json\/wp\/v2\/pages\/496\/revisions\/760"}],"wp:attachment":[{"href":"https:\/\/urlaub-am-inselsberg.de\/hubertus\/wp-json\/wp\/v2\/media?parent=496"}],"curies":[{"name":"wp","href":"https:\/\/api.w.org\/{rel}","templated":true}]}}