{"id":78,"date":"2014-10-23T14:53:10","date_gmt":"2014-10-23T14:53:10","guid":{"rendered":"http:\/\/wp1181213.server-he.de\/hubertus\/?page_id=78"},"modified":"2021-01-11T12:24:45","modified_gmt":"2021-01-11T12:24:45","slug":"friedrichroda","status":"publish","type":"page","link":"https:\/\/urlaub-am-inselsberg.de\/hubertus\/friedrichroda\/","title":{"rendered":"Friedrichroda"},"content":{"rendered":"<p>[et_pb_section fb_built=&#8220;1&#8243; _builder_version=&#8220;3.22&#8243; background_color=&#8220;#ffffff&#8220; transparent_background=&#8220;off&#8220;][et_pb_row _builder_version=&#8220;3.25&#8243; background_size=&#8220;initial&#8220; background_position=&#8220;top_left&#8220; background_repeat=&#8220;repeat&#8220;][et_pb_column type=&#8220;4_4&#8243; _builder_version=&#8220;3.25&#8243; custom_padding=&#8220;|||&#8220; custom_padding__hover=&#8220;|||&#8220;][et_pb_text _builder_version=&#8220;3.27.4&#8243; background_size=&#8220;initial&#8220; background_position=&#8220;top_left&#8220; background_repeat=&#8220;repeat&#8220;]<\/p>\n<h2>Friedrichroda<\/h2>\n<p>[\/et_pb_text][\/et_pb_column][\/et_pb_row][et_pb_row _builder_version=&#8220;3.25&#8243; background_size=&#8220;initial&#8220; background_position=&#8220;top_left&#8220; background_repeat=&#8220;repeat&#8220; column_structure=&#8220;2_3,1_3&#8243;][et_pb_column type=&#8220;2_3&#8243; _builder_version=&#8220;3.25&#8243; custom_padding=&#8220;|||&#8220; custom_padding__hover=&#8220;|||&#8220;][et_pb_text _builder_version=&#8220;3.27.4&#8243; background_size=&#8220;initial&#8220; background_position=&#8220;top_left&#8220; background_repeat=&#8220;repeat&#8220;]<strong>Friedrichroda ist einer der \u00e4ltesten Kurorte Th\u00fcringens.<\/strong> Das reizvolle Urlaubsst\u00e4dtchen&nbsp; schmiegt sich entlang des Schilfwassers an die H\u00e4nge des Th\u00fcringerwaldes.<\/p>\n<p>Hier in rund 430 m H\u00f6he am Nordwestrand des Mittelgebirgs<strong>, nur 3,5 km vom Rennsteig entfernt<\/strong>, erholten sich seit 180 Jahren Millionen Menschen.<\/p>\n<p><strong>1837<\/strong> hatte der Gothaer Buchh\u00e4ndler <em>Friedrich<\/em> <em>Perthes Friedrichroda<\/em> als Erholungsort entdeckt und der Arzt <em>Dr. Ferdinand Keil<\/em> auf das heilsame milde Reizklima, der damals noch unbedeutenden Stadt aufmerksam gemacht.<\/p>\n<p>Um den alten Stadtkern entstanden in der zweiten<strong> H\u00e4lfte des 19. Jahrhunderts <\/strong>Villen als <strong>Pensionen und Hotels f\u00fcr die Ferieng\u00e4ste. <\/strong>Die so entstandene B\u00e4derarchitektur verleiht dem Ort auch heute noch seinen besonderen Reiz.<\/p>\n<p style=\"text-align: right;\"><em>(Auszug aus der Brosch\u00fcre Friedrichroda, <\/em><em>erschienen zur <\/em><em>150 Jahrfeier als Kurort)<\/em><\/p>\n<p>[\/et_pb_text][\/et_pb_column][et_pb_column type=&#8220;1_3&#8243; _builder_version=&#8220;3.25&#8243; custom_padding=&#8220;|||&#8220; custom_padding__hover=&#8220;|||&#8220;][et_pb_image src=&#8220;https:\/\/urlaub-am-inselsberg.de\/hubertus\/wp-content\/uploads\/2014\/10\/Friedrichroda-Hubertus.jpg&#8220; show_bottom_space=&#8220;off&#8220; align_tablet=&#8220;center&#8220; align_last_edited=&#8220;on|desktop&#8220; admin_label=&#8220;Image&#8220; _builder_version=&#8220;4.4.2&#8243; hover_enabled=&#8220;0&#8243; animation=&#8220;off&#8220; sticky=&#8220;on&#8220;][\/et_pb_image][\/et_pb_column][\/et_pb_row][et_pb_row _builder_version=&#8220;3.25&#8243; background_size=&#8220;initial&#8220; background_position=&#8220;top_left&#8220; background_repeat=&#8220;repeat&#8220;][et_pb_column type=&#8220;4_4&#8243; _builder_version=&#8220;3.25&#8243; custom_padding=&#8220;|||&#8220; custom_padding__hover=&#8220;|||&#8220;][et_pb_text _builder_version=&#8220;3.27.4&#8243; background_size=&#8220;initial&#8220; background_position=&#8220;top_left&#8220; background_repeat=&#8220;repeat&#8220;]Durch seine zentrale Lage kann man nicht nur den Rennsteig erwandern, sondern auch viele <strong>Ausfl\u00fcge in die sch\u00f6nsten Orte Th\u00fcringens<\/strong> machen. Wie <strong>Eisenach<\/strong> mit der Wartburg, dem Burschenschaftsdenkmal und der Creuzburg, Residenzstadt<strong> Gotha, <\/strong>Landeshauptstadt <strong>Erfurt<\/strong> und das kulturtr\u00e4chtige <strong>Weimar.&nbsp; <\/strong><br \/>\n[\/et_pb_text][\/et_pb_column][\/et_pb_row][\/et_pb_section]<\/p>\n","protected":false},"excerpt":{"rendered":"<p>[et_pb_section fb_built=&#8220;1&#8243; _builder_version=&#8220;3.22&#8243; background_color=&#8220;#ffffff&#8220; transparent_background=&#8220;off&#8220;][et_pb_row _builder_version=&#8220;3.25&#8243; background_size=&#8220;initial&#8220; background_position=&#8220;top_left&#8220; background_repeat=&#8220;repeat&#8220;][et_pb_column type=&#8220;4_4&#8243; _builder_version=&#8220;3.25&#8243; custom_padding=&#8220;|||&#8220; custom_padding__hover=&#8220;|||&#8220;][et_pb_text _builder_version=&#8220;3.27.4&#8243; background_size=&#8220;initial&#8220; background_position=&#8220;top_left&#8220; background_repeat=&#8220;repeat&#8220;] Friedrichroda [\/et_pb_text][\/et_pb_column][\/et_pb_row][et_pb_row _builder_version=&#8220;3.25&#8243; background_size=&#8220;initial&#8220; background_position=&#8220;top_left&#8220; background_repeat=&#8220;repeat&#8220; column_structure=&#8220;2_3,1_3&#8243;][et_pb_column type=&#8220;2_3&#8243; _builder_version=&#8220;3.25&#8243; custom_padding=&#8220;|||&#8220; custom_padding__hover=&#8220;|||&#8220;][et_pb_text _builder_version=&#8220;3.27.4&#8243; background_size=&#8220;initial&#8220; background_position=&#8220;top_left&#8220; background_repeat=&#8220;repeat&#8220;]Friedrichroda ist einer der \u00e4ltesten Kurorte Th\u00fcringens. Das reizvolle Urlaubsst\u00e4dtchen&nbsp; schmiegt sich entlang des Schilfwassers an die H\u00e4nge des Th\u00fcringerwaldes. Hier in rund 430 [&hellip;]<\/p>\n","protected":false},"author":1,"featured_media":0,"parent":0,"menu_order":0,"comment_status":"open","ping_status":"open","template":"","meta":{"_et_pb_use_builder":"on","_et_pb_old_content":"","_et_gb_content_width":"","ngg_post_thumbnail":0},"yoast_head":"<!-- This site is optimized with the Yoast SEO plugin v17.8 - https:\/\/yoast.com\/wordpress\/plugins\/seo\/ -->\n<title>Urlaub im Ferienhaus Hubertus am Rennsteig<\/title>\n<meta name=\"description\" content=\"Friedrichroda ist einer der \u00e4ltesten Kurorte Th\u00fcringens. \u00dcbernachten Sie im Haus Hubertus und erkunden Sie das reizvolle Urlaubsst\u00e4dtchen und die Umgebung.\" \/>\n<meta name=\"robots\" content=\"index, follow, max-snippet:-1, max-image-preview:large, max-video-preview:-1\" \/>\n<link rel=\"canonical\" href=\"https:\/\/urlaub-am-inselsberg.de\/hubertus\/friedrichroda\/\" \/>\n<meta property=\"og:locale\" content=\"de_DE\" \/>\n<meta property=\"og:type\" content=\"article\" \/>\n<meta property=\"og:title\" content=\"Urlaub im Ferienhaus Hubertus am Rennsteig\" \/>\n<meta property=\"og:description\" content=\"Friedrichroda ist einer der \u00e4ltesten Kurorte Th\u00fcringens. \u00dcbernachten Sie im Haus Hubertus und erkunden Sie das reizvolle Urlaubsst\u00e4dtchen und die Umgebung.\" \/>\n<meta property=\"og:url\" content=\"https:\/\/urlaub-am-inselsberg.de\/hubertus\/friedrichroda\/\" \/>\n<meta property=\"og:site_name\" content=\"Ferienhaus Hubertus\" \/>\n<meta property=\"article:modified_time\" content=\"2021-01-11T12:24:45+00:00\" \/>\n<meta name=\"twitter:label1\" content=\"Gesch\u00e4tzte Lesezeit\" \/>\n\t<meta name=\"twitter:data1\" content=\"2\u00a0Minuten\" \/>\n<script type=\"application\/ld+json\" class=\"yoast-schema-graph\">{\"@context\":\"https:\/\/schema.org\",\"@graph\":[{\"@type\":\"WebSite\",\"@id\":\"https:\/\/urlaub-am-inselsberg.de\/hubertus\/#website\",\"url\":\"https:\/\/urlaub-am-inselsberg.de\/hubertus\/\",\"name\":\"Ferienhaus Hubertus\",\"description\":\"Urlaub am Inselsberg\",\"potentialAction\":[{\"@type\":\"SearchAction\",\"target\":{\"@type\":\"EntryPoint\",\"urlTemplate\":\"https:\/\/urlaub-am-inselsberg.de\/hubertus\/?s={search_term_string}\"},\"query-input\":\"required name=search_term_string\"}],\"inLanguage\":\"de\"},{\"@type\":\"WebPage\",\"@id\":\"https:\/\/urlaub-am-inselsberg.de\/hubertus\/friedrichroda\/#webpage\",\"url\":\"https:\/\/urlaub-am-inselsberg.de\/hubertus\/friedrichroda\/\",\"name\":\"Urlaub im Ferienhaus Hubertus am Rennsteig\",\"isPartOf\":{\"@id\":\"https:\/\/urlaub-am-inselsberg.de\/hubertus\/#website\"},\"datePublished\":\"2014-10-23T14:53:10+00:00\",\"dateModified\":\"2021-01-11T12:24:45+00:00\",\"description\":\"Friedrichroda ist einer der \\u00e4ltesten Kurorte Th\\u00fcringens. \\u00dcbernachten Sie im Haus Hubertus und erkunden Sie das reizvolle Urlaubsst\\u00e4dtchen und die Umgebung.\",\"breadcrumb\":{\"@id\":\"https:\/\/urlaub-am-inselsberg.de\/hubertus\/friedrichroda\/#breadcrumb\"},\"inLanguage\":\"de\",\"potentialAction\":[{\"@type\":\"ReadAction\",\"target\":[\"https:\/\/urlaub-am-inselsberg.de\/hubertus\/friedrichroda\/\"]}]},{\"@type\":\"BreadcrumbList\",\"@id\":\"https:\/\/urlaub-am-inselsberg.de\/hubertus\/friedrichroda\/#breadcrumb\",\"itemListElement\":[{\"@type\":\"ListItem\",\"position\":1,\"name\":\"Home\",\"item\":\"https:\/\/urlaub-am-inselsberg.de\/hubertus\/\"},{\"@type\":\"ListItem\",\"position\":2,\"name\":\"Friedrichroda\"}]}]}<\/script>\n<!-- \/ Yoast SEO plugin. -->","yoast_head_json":{"title":"Urlaub im Ferienhaus Hubertus am Rennsteig","description":"Friedrichroda ist einer der \u00e4ltesten Kurorte Th\u00fcringens. \u00dcbernachten Sie im Haus Hubertus und erkunden Sie das reizvolle Urlaubsst\u00e4dtchen und die Umgebung.","robots":{"index":"index","follow":"follow","max-snippet":"max-snippet:-1","max-image-preview":"max-image-preview:large","max-video-preview":"max-video-preview:-1"},"canonical":"https:\/\/urlaub-am-inselsberg.de\/hubertus\/friedrichroda\/","og_locale":"de_DE","og_type":"article","og_title":"Urlaub im Ferienhaus Hubertus am Rennsteig","og_description":"Friedrichroda ist einer der \u00e4ltesten Kurorte Th\u00fcringens. \u00dcbernachten Sie im Haus Hubertus und erkunden Sie das reizvolle Urlaubsst\u00e4dtchen und die Umgebung.","og_url":"https:\/\/urlaub-am-inselsberg.de\/hubertus\/friedrichroda\/","og_site_name":"Ferienhaus Hubertus","article_modified_time":"2021-01-11T12:24:45+00:00","twitter_misc":{"Gesch\u00e4tzte Lesezeit":"2\u00a0Minuten"},"schema":{"@context":"https:\/\/schema.org","@graph":[{"@type":"WebSite","@id":"https:\/\/urlaub-am-inselsberg.de\/hubertus\/#website","url":"https:\/\/urlaub-am-inselsberg.de\/hubertus\/","name":"Ferienhaus Hubertus","description":"Urlaub am Inselsberg","potentialAction":[{"@type":"SearchAction","target":{"@type":"EntryPoint","urlTemplate":"https:\/\/urlaub-am-inselsberg.de\/hubertus\/?s={search_term_string}"},"query-input":"required name=search_term_string"}],"inLanguage":"de"},{"@type":"WebPage","@id":"https:\/\/urlaub-am-inselsberg.de\/hubertus\/friedrichroda\/#webpage","url":"https:\/\/urlaub-am-inselsberg.de\/hubertus\/friedrichroda\/","name":"Urlaub im Ferienhaus Hubertus am Rennsteig","isPartOf":{"@id":"https:\/\/urlaub-am-inselsberg.de\/hubertus\/#website"},"datePublished":"2014-10-23T14:53:10+00:00","dateModified":"2021-01-11T12:24:45+00:00","description":"Friedrichroda ist einer der \u00e4ltesten Kurorte Th\u00fcringens. \u00dcbernachten Sie im Haus Hubertus und erkunden Sie das reizvolle Urlaubsst\u00e4dtchen und die Umgebung.","breadcrumb":{"@id":"https:\/\/urlaub-am-inselsberg.de\/hubertus\/friedrichroda\/#breadcrumb"},"inLanguage":"de","potentialAction":[{"@type":"ReadAction","target":["https:\/\/urlaub-am-inselsberg.de\/hubertus\/friedrichroda\/"]}]},{"@type":"BreadcrumbList","@id":"https:\/\/urlaub-am-inselsberg.de\/hubertus\/friedrichroda\/#breadcrumb","itemListElement":[{"@type":"ListItem","position":1,"name":"Home","item":"https:\/\/urlaub-am-inselsberg.de\/hubertus\/"},{"@type":"ListItem","position":2,"name":"Friedrichroda"}]}]}},"_links":{"self":[{"href":"https:\/\/urlaub-am-inselsberg.de\/hubertus\/wp-json\/wp\/v2\/pages\/78"}],"collection":[{"href":"https:\/\/urlaub-am-inselsberg.de\/hubertus\/wp-json\/wp\/v2\/pages"}],"about":[{"href":"https:\/\/urlaub-am-inselsberg.de\/hubertus\/wp-json\/wp\/v2\/types\/page"}],"author":[{"embeddable":true,"href":"https:\/\/urlaub-am-inselsberg.de\/hubertus\/wp-json\/wp\/v2\/users\/1"}],"replies":[{"embeddable":true,"href":"https:\/\/urlaub-am-inselsberg.de\/hubertus\/wp-json\/wp\/v2\/comments?post=78"}],"version-history":[{"count":2,"href":"https:\/\/urlaub-am-inselsberg.de\/hubertus\/wp-json\/wp\/v2\/pages\/78\/revisions"}],"predecessor-version":[{"id":751,"href":"https:\/\/urlaub-am-inselsberg.de\/hubertus\/wp-json\/wp\/v2\/pages\/78\/revisions\/751"}],"wp:attachment":[{"href":"https:\/\/urlaub-am-inselsberg.de\/hubertus\/wp-json\/wp\/v2\/media?parent=78"}],"curies":[{"name":"wp","href":"https:\/\/api.w.org\/{rel}","templated":true}]}}