{"id":90,"date":"2014-10-23T14:59:19","date_gmt":"2014-10-23T14:59:19","guid":{"rendered":"http:\/\/wp1181213.server-he.de\/hubertus\/?page_id=90"},"modified":"2018-10-10T08:36:16","modified_gmt":"2018-10-10T08:36:16","slug":"kontakt","status":"publish","type":"page","link":"https:\/\/urlaub-am-inselsberg.de\/hubertus\/kontakt\/","title":{"rendered":"Kontakt"},"content":{"rendered":"<p>[et_pb_section bb_built=&#8220;1&#8243; transparent_background=&#8220;off&#8220; background_color=&#8220;#ffffff&#8220; inner_shadow=&#8220;off&#8220; parallax=&#8220;off&#8220; parallax_method=&#8220;off&#8220;][et_pb_row][et_pb_column type=&#8220;1_2&#8243;][et_pb_text admin_label=&#8220;Kontaktadresse&#8220; background_layout=&#8220;light&#8220; text_orientation=&#8220;left&#8220; background_position=&#8220;top_left&#8220; background_repeat=&#8220;repeat&#8220; background_size=&#8220;initial&#8220;]<\/p>\n<h2>Haus Hubertus<\/h2>\n<p>Herr Horst Sch\u00fctz<br \/>\nUnterer Schlo\u00dfweg 5<br \/>\n99894 Friedrichroda<\/p>\n<p>Tel. (03623) 30 44 72<br \/>\nFax (03623) 30 89 07<\/p>\n<p>E-Mail: <a href=\"mailto:hubertus-friedrichroda@t-online.de\">hubertus-friedrichroda@t-online.de<\/a><\/p>\n<p>[\/et_pb_text][\/et_pb_column][et_pb_column type=&#8220;1_2&#8243;][et_pb_contact_form email=&#8220;hubertus@urlaub-am-inselsberg.de&#8220; title=&#8220;Bitte nutzen Sie unser Kontaktformular:&#8220; _builder_version=&#8220;3.16.1&#8243; success_message=&#8220;Vielen Dank f\u00fcr Ihre Nachricht. Wir werden uns schnellstm\u00f6glich um Ihr Anliegen k\u00fcmmern.&#8220; submit_button_text=&#8220;Senden&#8220; custom_message=&#8220;Nachricht von Ferienhaus Hubertus||et_pb_line_break_holder||||et_pb_line_break_holder||Name: %%Name%%||et_pb_line_break_holder||E-Mail-Adresse: %%Email%%||et_pb_line_break_holder||||et_pb_line_break_holder||Nachricht: %%Message%%||et_pb_line_break_holder||||et_pb_line_break_holder||Datenschutz: %%Datenschutz%%||et_pb_line_break_holder||&#8220;][et_pb_contact_field field_title=&#8220;Name&#8220; field_type=&#8220;input&#8220; field_id=&#8220;Name&#8220; required_mark=&#8220;on&#8220; fullwidth_field=&#8220;off&#8220; _builder_version=&#8220;3.16.1&#8243; \/][et_pb_contact_field field_title=&#8220;E-Mail-Adresse&#8220; field_type=&#8220;email&#8220; field_id=&#8220;Email&#8220; required_mark=&#8220;on&#8220; fullwidth_field=&#8220;off&#8220; _builder_version=&#8220;3.16.1&#8243; checkbox_checked=&#8220;off&#8220; checkbox_options=&#8220;%91{%22value%22:%22E-Mail-Adresse%22,%22checked%22:0}%93&#8243; radio_options=&#8220;%91{%22value%22:%22E-Mail-Adresse%22,%22checked%22:0}%93&#8243; select_options=&#8220;%91{%22value%22:%22E-Mail-Adresse%22,%22checked%22:0}%93&#8243; min_length=&#8220;0&#8243; max_length=&#8220;0&#8243; allowed_symbols=&#8220;all&#8220; conditional_logic=&#8220;off&#8220; conditional_logic_relation=&#8220;off&#8220; conditional_logic_rules=&#8220;%91{%22field%22:%22name%22,%22condition%22:%22is%22,%22value%22:%22%22}%93&#8243; link_option_url_new_window=&#8220;off&#8220; use_background_color_gradient=&#8220;off&#8220; background_color_gradient_start=&#8220;#2b87da&#8220; background_color_gradient_end=&#8220;#29c4a9&#8243; background_color_gradient_type=&#8220;linear&#8220; background_color_gradient_direction=&#8220;180deg&#8220; background_color_gradient_direction_radial=&#8220;center&#8220; background_color_gradient_start_position=&#8220;0%&#8220; background_color_gradient_end_position=&#8220;100%&#8220; background_color_gradient_overlays_image=&#8220;off&#8220; parallax=&#8220;off&#8220; parallax_method=&#8220;on&#8220; background_size=&#8220;cover&#8220; background_position=&#8220;center&#8220; background_repeat=&#8220;no-repeat&#8220; background_blend=&#8220;normal&#8220; allow_player_pause=&#8220;off&#8220; background_video_pause_outside_viewport=&#8220;on&#8220; form_field_text_shadow_style=&#8220;none&#8220; box_shadow_style=&#8220;none&#8220; hover_transition_duration=&#8220;300ms&#8220; hover_transition_delay=&#8220;0ms&#8220; hover_transition_speed_curve=&#8220;ease&#8220; \/][et_pb_contact_field field_title=&#8220;Nachricht&#8220; field_type=&#8220;text&#8220; field_id=&#8220;Message&#8220; required_mark=&#8220;on&#8220; fullwidth_field=&#8220;on&#8220; _builder_version=&#8220;3.16.1&#8243; \/][et_pb_contact_field _builder_version=&#8220;3.16.1&#8243; field_id=&#8220;Datenschutz&#8220; field_title=&#8220;Datenschutz&#8220; field_type=&#8220;checkbox&#8220; checkbox_checked=&#8220;off&#8220; checkbox_options=&#8220;%91{%22value%22:%22Ich willige ein, dass meine Angaben zur Kontaktaufnahme und Zuordnung f\u00fcr eventuelle R\u00fcckfragen dauerhaft gespeichert werden. Hinweis: Diese Einwilligung k\u00f6nnen Sie jederzeit mit Wirkung f\u00fcr die Zukunft widerrufen, indem Sie eine E-Mail an hubertus-friedrichroda@t-online.de schicken.%22,%22checked%22:0}%93&#8243; radio_options=&#8220;%91{%22value%22:%22%22,%22checked%22:0}%93&#8243; select_options=&#8220;%91{%22value%22:%22%22,%22checked%22:0}%93&#8243; min_length=&#8220;0&#8243; max_length=&#8220;0&#8243; allowed_symbols=&#8220;all&#8220; required_mark=&#8220;on&#8220; conditional_logic=&#8220;off&#8220; conditional_logic_relation=&#8220;off&#8220; conditional_logic_rules=&#8220;%91{%22field%22:%22name%22,%22condition%22:%22is%22,%22value%22:%22%22}%93&#8243; link_option_url_new_window=&#8220;off&#8220; use_background_color_gradient=&#8220;off&#8220; background_color_gradient_start=&#8220;#2b87da&#8220; background_color_gradient_end=&#8220;#29c4a9&#8243; background_color_gradient_type=&#8220;linear&#8220; background_color_gradient_direction=&#8220;180deg&#8220; background_color_gradient_direction_radial=&#8220;center&#8220; background_color_gradient_start_position=&#8220;0%&#8220; background_color_gradient_end_position=&#8220;100%&#8220; background_color_gradient_overlays_image=&#8220;off&#8220; parallax=&#8220;off&#8220; parallax_method=&#8220;on&#8220; background_size=&#8220;cover&#8220; background_position=&#8220;center&#8220; background_repeat=&#8220;no-repeat&#8220; background_blend=&#8220;normal&#8220; allow_player_pause=&#8220;off&#8220; background_video_pause_outside_viewport=&#8220;on&#8220; fullwidth_field=&#8220;on&#8220; form_field_text_shadow_style=&#8220;none&#8220; box_shadow_style=&#8220;none&#8220; hover_transition_duration=&#8220;300ms&#8220; hover_transition_delay=&#8220;0ms&#8220; hover_transition_speed_curve=&#8220;ease&#8220; form_field_font_size=&#8220;12&#8243; form_field_font_size_tablet=&#8220;12&#8243; form_field_font_size_phone=&#8220;12&#8243; \/][\/et_pb_contact_form][\/et_pb_column][\/et_pb_row][et_pb_row][et_pb_column type=&#8220;4_4&#8243;][et_pb_text admin_label=&#8220;Anfrage&#8220; background_layout=&#8220;light&#8220; text_orientation=&#8220;left&#8220; background_position=&#8220;top_left&#8220; background_repeat=&#8220;repeat&#8220; background_size=&#8220;initial&#8220;]<\/p>\n<h2>Anfahrt<\/h2>\n<p>Hier finden Sie zu uns:<\/p>\n<p>&nbsp;<\/p>\n<p>[\/et_pb_text][et_pb_map admin_label=&#8220;Map&#8220; address=&#8220;Unterer Schlo\u00dfweg 5, 99894 Friedrichroda, Deutschland&#8220; zoom_level=&#8220;14&#8243; address_lat=&#8220;50.8556836&#8243; address_lng=&#8220;10.56849740000007&#8243; mouse_wheel=&#8220;on&#8220; child_filter_saturate=&#8220;100%&#8220;][et_pb_map_pin title=&#8220;Haus Hubertus&#8220; pin_address=&#8220;Unterer Schlo\u00dfweg 5, 99894 Friedrichroda, Deutschland&#8220; pin_address_lat=&#8220;50.8556836&#8243; pin_address_lng=&#8220;10.56849740000007&#8243; \/][\/et_pb_map][\/et_pb_column][\/et_pb_row][\/et_pb_section]<\/p>\n","protected":false},"excerpt":{"rendered":"<p>[et_pb_section bb_built=&#8220;1&#8243; transparent_background=&#8220;off&#8220; background_color=&#8220;#ffffff&#8220; inner_shadow=&#8220;off&#8220; parallax=&#8220;off&#8220; parallax_method=&#8220;off&#8220;][et_pb_row][et_pb_column type=&#8220;1_2&#8243;][et_pb_text admin_label=&#8220;Kontaktadresse&#8220; background_layout=&#8220;light&#8220; text_orientation=&#8220;left&#8220; background_position=&#8220;top_left&#8220; background_repeat=&#8220;repeat&#8220; background_size=&#8220;initial&#8220;] Haus Hubertus Herr Horst Sch\u00fctz Unterer Schlo\u00dfweg 5 99894 Friedrichroda Tel. (03623) 30 44 72 Fax (03623) 30 89 07 E-Mail: hubertus-friedrichroda@t-online.de [\/et_pb_text][\/et_pb_column][et_pb_column type=&#8220;1_2&#8243;][et_pb_contact_form email=&#8220;hubertus@urlaub-am-inselsberg.de&#8220; title=&#8220;Bitte nutzen Sie unser Kontaktformular:&#8220; _builder_version=&#8220;3.16.1&#8243; success_message=&#8220;Vielen Dank f\u00fcr Ihre Nachricht. Wir werden uns schnellstm\u00f6glich um [&hellip;]<\/p>\n","protected":false},"author":1,"featured_media":0,"parent":0,"menu_order":0,"comment_status":"open","ping_status":"open","template":"","meta":{"_et_pb_use_builder":"on","_et_pb_old_content":"","_et_gb_content_width":"","ngg_post_thumbnail":0},"yoast_head":"<!-- This site is optimized with the Yoast SEO plugin v17.8 - https:\/\/yoast.com\/wordpress\/plugins\/seo\/ -->\n<title>Urlaub im Ferienhaus Hubertus am Rennsteig<\/title>\n<meta name=\"description\" content=\"Verbringen Sie Ihren Urlaub im gr\u00fcnen Herzen Deutschlands, in Th\u00fcringen. Unser Haus am Wald h\u00e4lt 4 komfortable Ferienwohnungen f\u00fcr Sie bereit. \u2706 (03623) 30 44 72\" \/>\n<meta name=\"robots\" content=\"index, follow, max-snippet:-1, max-image-preview:large, max-video-preview:-1\" \/>\n<link rel=\"canonical\" href=\"https:\/\/urlaub-am-inselsberg.de\/hubertus\/kontakt\/\" \/>\n<meta property=\"og:locale\" content=\"de_DE\" \/>\n<meta property=\"og:type\" content=\"article\" \/>\n<meta property=\"og:title\" content=\"Urlaub im Ferienhaus Hubertus am Rennsteig\" \/>\n<meta property=\"og:description\" content=\"Verbringen Sie Ihren Urlaub im gr\u00fcnen Herzen Deutschlands, in Th\u00fcringen. Unser Haus am Wald h\u00e4lt 4 komfortable Ferienwohnungen f\u00fcr Sie bereit. \u2706 (03623) 30 44 72\" \/>\n<meta property=\"og:url\" content=\"https:\/\/urlaub-am-inselsberg.de\/hubertus\/kontakt\/\" \/>\n<meta property=\"og:site_name\" content=\"Ferienhaus Hubertus\" \/>\n<meta property=\"article:modified_time\" content=\"2018-10-10T08:36:16+00:00\" \/>\n<meta name=\"twitter:label1\" content=\"Gesch\u00e4tzte Lesezeit\" \/>\n\t<meta name=\"twitter:data1\" content=\"3\u00a0Minuten\" \/>\n<script type=\"application\/ld+json\" class=\"yoast-schema-graph\">{\"@context\":\"https:\/\/schema.org\",\"@graph\":[{\"@type\":\"WebSite\",\"@id\":\"https:\/\/urlaub-am-inselsberg.de\/hubertus\/#website\",\"url\":\"https:\/\/urlaub-am-inselsberg.de\/hubertus\/\",\"name\":\"Ferienhaus Hubertus\",\"description\":\"Urlaub am Inselsberg\",\"potentialAction\":[{\"@type\":\"SearchAction\",\"target\":{\"@type\":\"EntryPoint\",\"urlTemplate\":\"https:\/\/urlaub-am-inselsberg.de\/hubertus\/?s={search_term_string}\"},\"query-input\":\"required name=search_term_string\"}],\"inLanguage\":\"de\"},{\"@type\":\"WebPage\",\"@id\":\"https:\/\/urlaub-am-inselsberg.de\/hubertus\/kontakt\/#webpage\",\"url\":\"https:\/\/urlaub-am-inselsberg.de\/hubertus\/kontakt\/\",\"name\":\"Urlaub im Ferienhaus Hubertus am Rennsteig\",\"isPartOf\":{\"@id\":\"https:\/\/urlaub-am-inselsberg.de\/hubertus\/#website\"},\"datePublished\":\"2014-10-23T14:59:19+00:00\",\"dateModified\":\"2018-10-10T08:36:16+00:00\",\"description\":\"Verbringen Sie Ihren Urlaub im gr\\u00fcnen Herzen Deutschlands, in Th\\u00fcringen. Unser Haus am Wald h\\u00e4lt 4 komfortable Ferienwohnungen f\\u00fcr Sie bereit. \\u2706 (03623) 30 44 72\",\"breadcrumb\":{\"@id\":\"https:\/\/urlaub-am-inselsberg.de\/hubertus\/kontakt\/#breadcrumb\"},\"inLanguage\":\"de\",\"potentialAction\":[{\"@type\":\"ReadAction\",\"target\":[\"https:\/\/urlaub-am-inselsberg.de\/hubertus\/kontakt\/\"]}]},{\"@type\":\"BreadcrumbList\",\"@id\":\"https:\/\/urlaub-am-inselsberg.de\/hubertus\/kontakt\/#breadcrumb\",\"itemListElement\":[{\"@type\":\"ListItem\",\"position\":1,\"name\":\"Home\",\"item\":\"https:\/\/urlaub-am-inselsberg.de\/hubertus\/\"},{\"@type\":\"ListItem\",\"position\":2,\"name\":\"Kontakt\"}]}]}<\/script>\n<!-- \/ Yoast SEO plugin. -->","yoast_head_json":{"title":"Urlaub im Ferienhaus Hubertus am Rennsteig","description":"Verbringen Sie Ihren Urlaub im gr\u00fcnen Herzen Deutschlands, in Th\u00fcringen. Unser Haus am Wald h\u00e4lt 4 komfortable Ferienwohnungen f\u00fcr Sie bereit. \u2706 (03623) 30 44 72","robots":{"index":"index","follow":"follow","max-snippet":"max-snippet:-1","max-image-preview":"max-image-preview:large","max-video-preview":"max-video-preview:-1"},"canonical":"https:\/\/urlaub-am-inselsberg.de\/hubertus\/kontakt\/","og_locale":"de_DE","og_type":"article","og_title":"Urlaub im Ferienhaus Hubertus am Rennsteig","og_description":"Verbringen Sie Ihren Urlaub im gr\u00fcnen Herzen Deutschlands, in Th\u00fcringen. Unser Haus am Wald h\u00e4lt 4 komfortable Ferienwohnungen f\u00fcr Sie bereit. \u2706 (03623) 30 44 72","og_url":"https:\/\/urlaub-am-inselsberg.de\/hubertus\/kontakt\/","og_site_name":"Ferienhaus Hubertus","article_modified_time":"2018-10-10T08:36:16+00:00","twitter_misc":{"Gesch\u00e4tzte Lesezeit":"3\u00a0Minuten"},"schema":{"@context":"https:\/\/schema.org","@graph":[{"@type":"WebSite","@id":"https:\/\/urlaub-am-inselsberg.de\/hubertus\/#website","url":"https:\/\/urlaub-am-inselsberg.de\/hubertus\/","name":"Ferienhaus Hubertus","description":"Urlaub am Inselsberg","potentialAction":[{"@type":"SearchAction","target":{"@type":"EntryPoint","urlTemplate":"https:\/\/urlaub-am-inselsberg.de\/hubertus\/?s={search_term_string}"},"query-input":"required name=search_term_string"}],"inLanguage":"de"},{"@type":"WebPage","@id":"https:\/\/urlaub-am-inselsberg.de\/hubertus\/kontakt\/#webpage","url":"https:\/\/urlaub-am-inselsberg.de\/hubertus\/kontakt\/","name":"Urlaub im Ferienhaus Hubertus am Rennsteig","isPartOf":{"@id":"https:\/\/urlaub-am-inselsberg.de\/hubertus\/#website"},"datePublished":"2014-10-23T14:59:19+00:00","dateModified":"2018-10-10T08:36:16+00:00","description":"Verbringen Sie Ihren Urlaub im gr\u00fcnen Herzen Deutschlands, in Th\u00fcringen. Unser Haus am Wald h\u00e4lt 4 komfortable Ferienwohnungen f\u00fcr Sie bereit. \u2706 (03623) 30 44 72","breadcrumb":{"@id":"https:\/\/urlaub-am-inselsberg.de\/hubertus\/kontakt\/#breadcrumb"},"inLanguage":"de","potentialAction":[{"@type":"ReadAction","target":["https:\/\/urlaub-am-inselsberg.de\/hubertus\/kontakt\/"]}]},{"@type":"BreadcrumbList","@id":"https:\/\/urlaub-am-inselsberg.de\/hubertus\/kontakt\/#breadcrumb","itemListElement":[{"@type":"ListItem","position":1,"name":"Home","item":"https:\/\/urlaub-am-inselsberg.de\/hubertus\/"},{"@type":"ListItem","position":2,"name":"Kontakt"}]}]}},"_links":{"self":[{"href":"https:\/\/urlaub-am-inselsberg.de\/hubertus\/wp-json\/wp\/v2\/pages\/90"}],"collection":[{"href":"https:\/\/urlaub-am-inselsberg.de\/hubertus\/wp-json\/wp\/v2\/pages"}],"about":[{"href":"https:\/\/urlaub-am-inselsberg.de\/hubertus\/wp-json\/wp\/v2\/types\/page"}],"author":[{"embeddable":true,"href":"https:\/\/urlaub-am-inselsberg.de\/hubertus\/wp-json\/wp\/v2\/users\/1"}],"replies":[{"embeddable":true,"href":"https:\/\/urlaub-am-inselsberg.de\/hubertus\/wp-json\/wp\/v2\/comments?post=90"}],"version-history":[{"count":3,"href":"https:\/\/urlaub-am-inselsberg.de\/hubertus\/wp-json\/wp\/v2\/pages\/90\/revisions"}],"predecessor-version":[{"id":733,"href":"https:\/\/urlaub-am-inselsberg.de\/hubertus\/wp-json\/wp\/v2\/pages\/90\/revisions\/733"}],"wp:attachment":[{"href":"https:\/\/urlaub-am-inselsberg.de\/hubertus\/wp-json\/wp\/v2\/media?parent=90"}],"curies":[{"name":"wp","href":"https:\/\/api.w.org\/{rel}","templated":true}]}}